{"id":2,"date":"2019-08-10T04:52:55","date_gmt":"2019-08-10T04:52:55","guid":{"rendered":"https:\/\/tocdangnonnuoc.com\/?page_id=2"},"modified":"2026-05-04T16:10:57","modified_gmt":"2026-05-04T09:10:57","slug":"trang-mau","status":"publish","type":"page","link":"https:\/\/www.tocdangnonnuoc.com\/","title":{"rendered":"T\u1ed8C \u0110\u1eb6NG V\u0102N NON N\u01af\u1edaC, QU\u1eacN NG\u0168 H\u00c0NH S\u01a0N, TH\u00c0NH PH\u1ed0 \u0110\u00c0 N\u1eb4NG"},"content":{"rendered":"<p>[et_pb_section fb_built=&#8221;1&#8243; admin_label=&#8221;section&#8221; _builder_version=&#8221;3.22&#8243;][et_pb_row admin_label=&#8221;row&#8221; _builder_version=&#8221;4.7.4&#8243;][et_pb_column type=&#8221;4_4&#8243; _builder_version=&#8221;3.25&#8243; custom_padding=&#8221;|||&#8221; custom_padding__hover=&#8221;|||&#8221;][dipl_fancy_text fancy_text=&#8221;@ET-DC@eyJkeW5hbWljIjp0cnVlLCJjb250ZW50IjoicG9zdF90aXRsZSIsInNldHRpbmdzIjp7ImJlZm9yZSI6IiIsImFmdGVyIjoiIn19@&#8221; grandient_color_1=&#8221;#e02b20&#8243; grandient_color_2=&#8221;#8300e9&#8243; linear_direction=&#8221;157deg&#8221; admin_label=&#8221;DP Fancy Text&#8221; _builder_version=&#8221;4.7.4&#8243; _dynamic_attributes=&#8221;fancy_text&#8221; _module_preset=&#8221;default&#8221; body_font=&#8221;|700|||||||&#8221; body_text_align=&#8221;center&#8221; body_font_size=&#8221;29px&#8221; width=&#8221;100%&#8221; max_width=&#8221;100%&#8221; custom_margin=&#8221;|-665px||||&#8221; custom_padding=&#8221;|1px||||&#8221; body_text_shadow_style=&#8221;preset3&#8243; locked=&#8221;off&#8221;][\/dipl_fancy_text][dipl_image_card_carousel cards_per_slide=&#8221;1&#8243; _builder_version=&#8221;4.7.4&#8243; _module_preset=&#8221;default&#8221; min_height=&#8221;492.7px&#8221; custom_padding=&#8221;||0px|||&#8221; hover_enabled=&#8221;0&#8243; sticky_enabled=&#8221;0&#8243;][dipl_image_card_carousel_item title=&#8221;Gi\u1edbi thi\u1ec7u v\u1ec1 trang Website T\u1ed9c \u0110\u1eb7ng V\u0103n Non N\u01b0\u1edbc, Ng\u0169 H\u00e0nh S\u01a1n, \u0110\u00e0 N\u1eb5ng&#8221; image=&#8221;https:\/\/www.tocdangnonnuoc.com\/wp-content\/uploads\/2026\/05\/web14.jpg&#8221; _builder_version=&#8221;4.7.4&#8243; _module_preset=&#8221;default&#8221; hover_enabled=&#8221;0&#8243; title_text=&#8221;web14&#8243; sticky_enabled=&#8221;0&#8243;][\/dipl_image_card_carousel_item][dipl_image_card_carousel_item title=&#8221;M\u1ed9t s\u1ed1 h\u00ecnh \u1ea3nh v\u1ec1 \u0110\u1ea1i h\u1ed9i Chi h\u1ed9i Khuy\u1ebfn h\u1ecdc T\u1ed9c \u0110\u1eb7ng V\u0103n Non N\u01b0\u1edbc &#8221; image=&#8221;https:\/\/www.tocdangnonnuoc.com\/wp-content\/uploads\/2026\/04\/IMG_2191-scaled.jpeg&#8221; _builder_version=&#8221;4.7.4&#8243; _module_preset=&#8221;default&#8221;][\/dipl_image_card_carousel_item][dipl_image_card_carousel_item title=&#8221;\u0110o\u00e0n Ch\u1ee7 t\u1ecbch \u0111i\u1ec1u h\u00e0nh \u0110\u1ea1i h\u1ed9i&#8221; image=&#8221;https:\/\/www.tocdangnonnuoc.com\/wp-content\/uploads\/2026\/05\/Dh13-1.jpg&#8221; _builder_version=&#8221;4.7.4&#8243; _module_preset=&#8221;default&#8221;][\/dipl_image_card_carousel_item][dipl_image_card_carousel_item title=&#8221;\u0110o\u00e0n Ch\u1ee7 t\u1ecbch \u0111i\u1ec1u h\u00e0nh \u0110\u1ea1i h\u1ed9i&#8221; image=&#8221;https:\/\/www.tocdangnonnuoc.com\/wp-content\/uploads\/2026\/05\/IMG_2233-scaled.jpeg&#8221; _builder_version=&#8221;4.7.4&#8243; _module_preset=&#8221;default&#8221;][\/dipl_image_card_carousel_item][dipl_image_card_carousel_item title=&#8221;Ch\u1ee7 t\u1ecbch H\u1ed9i Khuy\u1ebfn h\u1ecdc th\u00e0nh ph\u1ed1 Nguy\u1ec5n Minh H\u00f9ng t\u1eb7ng hoa ch\u00fac m\u1eebng \u0110\u1ea1i h\u1ed9i&#8221; image=&#8221;https:\/\/www.tocdangnonnuoc.com\/wp-content\/uploads\/2026\/04\/IMG_2212-scaled.jpeg&#8221; _builder_version=&#8221;4.7.4&#8243; _module_preset=&#8221;default&#8221;][\/dipl_image_card_carousel_item][dipl_image_card_carousel_item title=&#8221;Ch\u1ee7 t\u1ecbch H\u1ecd \u0110\u1eb7ng th\u00e0nh ph\u1ed1 \u0110\u00e0 N\u1eb5ng \u0110\u1eb7ng Qu\u1ed1c Ho\u00e8 t\u1eb7ng hoa ch\u00fac m\u1eebng \u0110\u1ea1i h\u1ed9i&#8221; image=&#8221;https:\/\/www.tocdangnonnuoc.com\/wp-content\/uploads\/2026\/04\/IMG_2214-scaled.jpeg&#8221; _builder_version=&#8221;4.7.4&#8243; _module_preset=&#8221;default&#8221;][\/dipl_image_card_carousel_item][dipl_image_card_carousel_item title=&#8221;H\u1ed9i ch\u1ee7 T\u1ed9c \u0110\u1eb7ng V\u0103n Non N\u01b0\u1edbc \u0110\u1eb7ng V\u0103n Chua t\u1eb7ng hoa ch\u00fac m\u1eebng \u0110\u1ea1i h\u1ed9i&#8221; image=&#8221;https:\/\/www.tocdangnonnuoc.com\/wp-content\/uploads\/2026\/04\/IMG_2215-scaled.jpeg&#8221; _builder_version=&#8221;4.7.4&#8243; _module_preset=&#8221;default&#8221;][\/dipl_image_card_carousel_item][dipl_image_card_carousel_item title=&#8221;T\u1eb7ng bi\u1ec3u tr\u01b0ng cho c\u00e1c c\u00e1 nh\u00e2n \u0111\u00e3 c\u00f3 \u0111\u00f3ng g\u00f3p ti\u00eau bi\u1ec3u v\u00ec s\u1ef1 nghi\u1ec7p khuy\u1ebfn h\u1ecdc T\u1ed9c \u0110\u1eb7ng V\u0103n Non N\u01b0\u1edbc, nhi\u1ec7m k\u1ef3 2021 &#8211; 2026&#8243; image=&#8221;https:\/\/www.tocdangnonnuoc.com\/wp-content\/uploads\/2026\/04\/IMG_2265-1-scaled.jpeg&#8221; _builder_version=&#8221;4.7.4&#8243; _module_preset=&#8221;default&#8221;][\/dipl_image_card_carousel_item][dipl_image_card_carousel_item title=&#8221;T\u1eb7ng hoa ch\u00fac m\u1eebng \u00f4ng \u0110\u1eb7ng V\u0103n \u00c1nh, Ph\u00f3 Chi h\u1ed9i Khuy\u1ebfn h\u1ecdc \u1edf h\u1ea3i ngo\u1ea1i c\u0169ng k\u1ecbp v\u1ec1 d\u1ef1 \u0110\u1ea1i h\u1ed9i&#8221; image=&#8221;https:\/\/www.tocdangnonnuoc.com\/wp-content\/uploads\/2026\/04\/IMG_2268-1-scaled.jpeg&#8221; _builder_version=&#8221;4.7.4&#8243; _module_preset=&#8221;default&#8221;][\/dipl_image_card_carousel_item][dipl_image_card_carousel_item title=&#8221;T\u1eb7ng h\u1ecdc b\u1ed5ng v\u00e0 h\u1ed7 tr\u1ee3 c\u00e1c ch\u00e1u c\u00f3 ho\u00e0n c\u1ea3nh kh\u00f3 kh\u0103n v\u01b0\u01a1n l\u00ean trong h\u1ecdc t\u1eadp&#8221; image=&#8221;https:\/\/www.tocdangnonnuoc.com\/wp-content\/uploads\/2026\/04\/IMG_2261-1-scaled.jpeg&#8221; _builder_version=&#8221;4.7.4&#8243; _module_preset=&#8221;default&#8221;][\/dipl_image_card_carousel_item][dipl_image_card_carousel_item title=&#8221;Ph\u00e1t bi\u1ec3u ch\u1ec9 \u0111\u1ea1o c\u1ee7a \u00f4ng Nguy\u1ec5n Minh H\u00f9ng, Ch\u1ee7 t\u1ecbch H\u1ed9i Khuy\u1ebfn h\u1ecdc th\u00e0nh ph\u1ed1&#8221; image=&#8221;https:\/\/www.tocdangnonnuoc.com\/wp-content\/uploads\/2026\/05\/Dh11.jpg&#8221; _builder_version=&#8221;4.7.4&#8243; _module_preset=&#8221;default&#8221;][\/dipl_image_card_carousel_item][dipl_image_card_carousel_item title=&#8221;C\u00e1c th\u00e0nh vi\u00ean Ban Ch\u1ea5p h\u00e0nh Chi h\u1ed9i Khuy\u1ebfn h\u1ecdc T\u1ed9c \u0110\u1eb7ng V\u0103n Non N\u01b0\u1edbc, kho\u00e1 V, nhi\u1ec7m k\u1ef3 2026-2030&#8243; image=&#8221;https:\/\/www.tocdangnonnuoc.com\/wp-content\/uploads\/2026\/04\/IMG_2253-1-scaled.jpeg&#8221; _builder_version=&#8221;4.7.4&#8243; _module_preset=&#8221;default&#8221;][\/dipl_image_card_carousel_item][\/dipl_image_card_carousel][et_pb_text _builder_version=&#8221;4.7.4&#8243; _module_preset=&#8221;default&#8221; text_font=&#8221;Charmonman||||||||&#8221; header_font=&#8221;Charmonman||||||||&#8221; header_2_font=&#8221;Charmonman||||||||&#8221; header_3_font=&#8221;Charmonman||||||||&#8221; header_4_font=&#8221;Charmonman||||||||&#8221; header_5_font=&#8221;Charmonman||||||||&#8221; header_6_font=&#8221;Charmonman||||||||&#8221; custom_margin=&#8221;48px|||||&#8221; inline_fonts=&#8221;Times New Roman,Gudea,Antic Didone,Barlow Condensed,Arial,Andada,Baloo,Baloo Bhai&#8221;][\/et_pb_text][\/et_pb_column][\/et_pb_row][et_pb_row _builder_version=&#8221;4.7.4&#8243; _module_preset=&#8221;default&#8221;][et_pb_column type=&#8221;4_4&#8243; _builder_version=&#8221;4.7.4&#8243; _module_preset=&#8221;default&#8221;][dipl_blog_slider include_categories=&#8221;14,8,9,21,1,12,22,6,11&#8243; _builder_version=&#8221;4.7.4&#8243; _module_preset=&#8221;default&#8221; hover_enabled=&#8221;0&#8243; sticky_enabled=&#8221;0&#8243;][\/dipl_blog_slider][\/et_pb_column][\/et_pb_row][\/et_pb_section][et_pb_section fb_built=&#8221;1&#8243; _builder_version=&#8221;4.7.4&#8243; _module_preset=&#8221;default&#8221;][et_pb_row column_structure=&#8221;1_2,1_2&#8243; _builder_version=&#8221;4.7.4&#8243; _module_preset=&#8221;default&#8221;][et_pb_column type=&#8221;1_2&#8243; _builder_version=&#8221;4.7.4&#8243; _module_preset=&#8221;default&#8221;][et_pb_post_slider include_categories=&#8221;6&#8243; _builder_version=&#8221;4.7.4&#8243; _module_preset=&#8221;default&#8221;][\/et_pb_post_slider][\/et_pb_column][et_pb_column type=&#8221;1_2&#8243; _builder_version=&#8221;4.7.4&#8243; _module_preset=&#8221;default&#8221;][et_pb_post_slider include_categories=&#8221;14&#8243; _builder_version=&#8221;4.7.4&#8243; _module_preset=&#8221;default&#8221;][\/et_pb_post_slider][\/et_pb_column][\/et_pb_row][\/et_pb_section]<\/p>\n","protected":false},"excerpt":{"rendered":"<p>Trang ch\u1ee7 gia t\u1ed9c \u0110\u1eb7ng V\u0103n Non N\u01b0\u1edbc, Qu\u1eadn Ng\u0169 H\u00e0nh S\u01a1n, Th\u00e0nh ph\u1ed1 \u0110\u00e0 N\u1eb5ng<\/p>\n","protected":false},"author":1,"featured_media":0,"parent":0,"menu_order":0,"comment_status":"closed","ping_status":"open","template":"","meta":{"_et_pb_use_builder":"on","_et_pb_old_content":"<!-- wp:image {\"id\":1119,\"width\":838,\"height\":567} -->\n<figure class=\"wp-block-image is-resized\"><img src=\"https:\/\/www.tocdangnonnuoc.com\/wp-content\/uploads\/2019\/09\/20190901_095843-1024x693.jpg\" alt=\"\" class=\"wp-image-1119\" width=\"838\" height=\"567\"\/><\/figure>\n<!-- \/wp:image -->\n\n<!-- wp:paragraph {\"align\":\"center\",\"fontSize\":\"large\"} -->\n<p style=\"text-align:center\" class=\"has-large-font-size\"><strong>Nam qu\u1ed1c b\u1ea5t h\u1eefu \u0110\u1eb7ng T\u1ed9c,<\/strong><\/p>\n<!-- \/wp:paragraph -->\n\n<!-- wp:paragraph {\"align\":\"center\",\"fontSize\":\"large\"} -->\n<p style=\"text-align:center\" class=\"has-large-font-size\"><strong> nh\u01b0 h\u1eefu \u0110\u1eb7ng T\u1ed9c t\u1ea5t ng\u00e3 t\u1ef1 t\u00f4n <\/strong><\/p>\n<!-- \/wp:paragraph -->\n\n<!-- wp:paragraph {\"align\":\"center\",\"fontSize\":\"medium\"} -->\n<p style=\"text-align:center\" class=\"has-medium-font-size\"><em>(\u1ede N\u01b0\u1edbc Nam kh\u00f4ng c\u00f3 \u0110\u1eb7ng T\u1ed9c th\u00ec th\u00f4i m\u00e0 \u0111\u00e3 c\u00f3 \u0110\u1eb7ng T\u1ed9c th\u00ec t\u1ea5t c\u1ea3 l\u00e0 anh em)<\/em><\/p>\n<!-- \/wp:paragraph -->\n\n<!-- wp:paragraph {\"align\":\"center\",\"fontSize\":\"large\"} -->\n<p style=\"text-align:center\" class=\"has-large-font-size\"><strong>Ph\u00fac sinh ph\u00fa qu\u00fd gia \u0111\u01b0\u01a1ng th\u1ecbnh<\/strong><\/p>\n<!-- \/wp:paragraph -->\n\n<!-- wp:paragraph {\"align\":\"center\",\"fontSize\":\"large\"} -->\n<p style=\"text-align:center\" class=\"has-large-font-size\"><strong>L\u1ed9c ti\u1ebfn vinh hoa t\u1eed t\u00f4n h\u01b0ng<\/strong>  &nbsp; <\/p>\n<!-- \/wp:paragraph -->\n\n<!-- wp:paragraph {\"align\":\"center\",\"fontSize\":\"medium\"} -->\n<p style=\"text-align:center\" class=\"has-medium-font-size\">             <em>(Nh\u1edd ph\u00fac \u0111\u1ee9c m\u00e0 gia \u0111\u00ecnh, gia t\u1ed9c ph\u00fa qu\u00fd- th\u1ecbnh v\u01b0\u1ee3ng;                   T\u00e0i l\u1ed9c c\u00f4ng danh con ch\u00e1u ng\u00e0y m\u1ed9t th\u00eam nhi\u1ec1u)<\/em><\/p>\n<!-- \/wp:paragraph -->\n\n<!-- wp:paragraph -->\n<p><\/p>\n<!-- \/wp:paragraph -->\n\n<!-- wp:paragraph -->\n<p><\/p>\n<!-- \/wp:paragraph -->\n\n<!-- wp:paragraph -->\n<p><\/p>\n<!-- \/wp:paragraph -->","_et_gb_content_width":"","advanced_seo_description":"","jetpack_seo_html_title":"","jetpack_seo_noindex":false,"footnotes":""},"class_list":["post-2","page","type-page","status-publish","hentry"],"jetpack_sharing_enabled":true,"_links":{"self":[{"href":"https:\/\/www.tocdangnonnuoc.com\/index.php?rest_route=\/wp\/v2\/pages\/2","targetHints":{"allow":["GET"]}}],"collection":[{"href":"https:\/\/www.tocdangnonnuoc.com\/index.php?rest_route=\/wp\/v2\/pages"}],"about":[{"href":"https:\/\/www.tocdangnonnuoc.com\/index.php?rest_route=\/wp\/v2\/types\/page"}],"author":[{"embeddable":true,"href":"https:\/\/www.tocdangnonnuoc.com\/index.php?rest_route=\/wp\/v2\/users\/1"}],"replies":[{"embeddable":true,"href":"https:\/\/www.tocdangnonnuoc.com\/index.php?rest_route=%2Fwp%2Fv2%2Fcomments&post=2"}],"version-history":[{"count":1,"href":"https:\/\/www.tocdangnonnuoc.com\/index.php?rest_route=\/wp\/v2\/pages\/2\/revisions"}],"predecessor-version":[{"id":8629,"href":"https:\/\/www.tocdangnonnuoc.com\/index.php?rest_route=\/wp\/v2\/pages\/2\/revisions\/8629"}],"wp:attachment":[{"href":"https:\/\/www.tocdangnonnuoc.com\/index.php?rest_route=%2Fwp%2Fv2%2Fmedia&parent=2"}],"curies":[{"name":"wp","href":"https:\/\/api.w.org\/{rel}","templated":true}]}}